{"id":24,"date":"2020-05-07T20:29:23","date_gmt":"2020-05-07T20:29:23","guid":{"rendered":"https:\/\/i3n-cnrs.incc.u-paris.fr\/home\/?page_id=24"},"modified":"2020-06-17T10:42:14","modified_gmt":"2020-06-17T10:42:14","slug":"accueil","status":"publish","type":"page","link":"https:\/\/i3n-cnrs.incc.u-paris.fr\/home\/","title":{"rendered":"Accueil"},"content":{"rendered":"\n<div style=\"height:21px\" aria-hidden=\"true\" class=\"wp-block-spacer\"><\/div>\n\n\n\n<h2>Exp\u00e9riences en cours<\/h2>\n\n\n\n<hr class=\"wp-block-separator\"\/>\n\n\n\n<h2>Exp\u00e9riences termin\u00e9es<\/h2>\n\n\n\n<div class=\"wp-block-media-text alignwide has-media-on-the-right has-background has-very-light-gray-background-color is-vertically-aligned-center is-image-fill\" style=\"grid-template-columns:auto 24%\"><figure class=\"wp-block-media-text__media\" style=\"background-image:url(https:\/\/i3n-cnrs.incc.u-paris.fr\/home\/wp-content\/uploads\/2020\/05\/covid19-4689908-1024x576.jpg);background-position:50% 50%\"><img loading=\"lazy\" width=\"1024\" height=\"576\" src=\"https:\/\/i3n-cnrs.incc.u-paris.fr\/home\/wp-content\/uploads\/2020\/05\/covid19-4689908-1024x576.jpg\" alt=\"\" class=\"wp-image-22\" srcset=\"https:\/\/i3n-cnrs.incc.u-paris.fr\/home\/wp-content\/uploads\/2020\/05\/covid19-4689908-1024x576.jpg 1024w, https:\/\/i3n-cnrs.incc.u-paris.fr\/home\/wp-content\/uploads\/2020\/05\/covid19-4689908-300x169.jpg 300w, https:\/\/i3n-cnrs.incc.u-paris.fr\/home\/wp-content\/uploads\/2020\/05\/covid19-4689908-768x432.jpg 768w, https:\/\/i3n-cnrs.incc.u-paris.fr\/home\/wp-content\/uploads\/2020\/05\/covid19-4689908.jpg 1196w\" sizes=\"(max-width: 1024px) 100vw, 1024px\" \/><\/figure><div class=\"wp-block-media-text__content\">\n<p class=\"has-text-align-right has-normal-font-size\"><a href=\"https:\/\/i3n-cnrs.incc.u-paris.fr\/survey\/index.php\/251419?lang=fr\">Questionnaire pour les parents d&rsquo;enfants d&rsquo;\u00e2ge scolaire (confinement Covid19)<\/a><\/p>\n\n\n\n<p class=\"has-text-align-right has-normal-font-size\"><a href=\"https:\/\/i3n-cnrs.incc.u-paris.fr\/survey\/index.php\/251419?lang=en\">Questionnaire for parents of school-aged children (Covid19 confinement)<\/a><\/p>\n\n\n\n<p class=\"has-text-align-right has-normal-font-size\"><a href=\"https:\/\/i3n-cnrs.incc.u-paris.fr\/survey\/index.php\/251419?lang=it\">Questionario destinato ai genitori di bambini di et\u00e0 scolare (confinamento Covid19)<\/a><\/p>\n<\/div><\/div>\n\n\n\n<div style=\"height:38px\" aria-hidden=\"true\" class=\"wp-block-spacer\"><\/div>\n\n\n\n<hr class=\"wp-block-separator is-style-dots\"\/>\n\n\n\n<div style=\"height:21px\" aria-hidden=\"true\" class=\"wp-block-spacer\"><\/div>\n\n\n\n<div class=\"wp-block-media-text alignwide has-media-on-the-right\" style=\"grid-template-columns:auto 15%\"><figure class=\"wp-block-media-text__media\"><img loading=\"lazy\" width=\"1024\" height=\"938\" src=\"https:\/\/i3n-cnrs.incc.u-paris.fr\/home\/wp-content\/uploads\/2020\/05\/I3N_logoFinal_2_light_ill_2-1024x938-1.png\" alt=\"\" class=\"wp-image-11\" srcset=\"https:\/\/i3n-cnrs.incc.u-paris.fr\/home\/wp-content\/uploads\/2020\/05\/I3N_logoFinal_2_light_ill_2-1024x938-1.png 1024w, https:\/\/i3n-cnrs.incc.u-paris.fr\/home\/wp-content\/uploads\/2020\/05\/I3N_logoFinal_2_light_ill_2-1024x938-1-300x275.png 300w, https:\/\/i3n-cnrs.incc.u-paris.fr\/home\/wp-content\/uploads\/2020\/05\/I3N_logoFinal_2_light_ill_2-1024x938-1-768x704.png 768w\" sizes=\"(max-width: 1024px) 100vw, 1024px\" \/><\/figure><div class=\"wp-block-media-text__content\">\n<p class=\"has-text-color has-text-align-right has-normal-font-size has-very-dark-gray-color\"><a href=\"https:\/\/www.vision-et-cognition.com\/\" target=\"_blank\" rel=\"noreferrer noopener\">I3N &#8211; Institut de Neuropsychologie, Neurovision, Neurocognition<\/a><\/p>\n<\/div><\/div>\n\n\n\n<div class=\"wp-block-media-text alignwide has-media-on-the-right\" style=\"grid-template-columns:auto 15%\"><figure class=\"wp-block-media-text__media\"><img loading=\"lazy\" width=\"390\" height=\"369\" src=\"https:\/\/i3n-cnrs.incc.u-paris.fr\/home\/wp-content\/uploads\/2020\/05\/LOGO-DEF-72-DPI-1.png\" alt=\"\" class=\"wp-image-53\" srcset=\"https:\/\/i3n-cnrs.incc.u-paris.fr\/home\/wp-content\/uploads\/2020\/05\/LOGO-DEF-72-DPI-1.png 390w, https:\/\/i3n-cnrs.incc.u-paris.fr\/home\/wp-content\/uploads\/2020\/05\/LOGO-DEF-72-DPI-1-300x284.png 300w\" sizes=\"(max-width: 390px) 100vw, 390px\" \/><\/figure><div class=\"wp-block-media-text__content\">\n<p class=\"has-text-color has-text-align-right has-normal-font-size has-very-dark-gray-color\"><a href=\"https:\/\/incc-paris.fr\/\" target=\"_blank\" rel=\"noreferrer noopener\">INCC &#8211; Integrative Neuroscience and Cognitive Center<\/a><\/p>\n<\/div><\/div>\n\n\n\n<p><\/p>\n","protected":false},"excerpt":{"rendered":"<p>Exp\u00e9riences en cours Exp\u00e9riences termin\u00e9es Questionnaire pour les parents d&rsquo;enfants d&rsquo;\u00e2ge scolaire (confinement Covid19) Questionnaire for parents of school-aged children (Covid19 confinement) Questionario destinato ai genitori di bambini di et\u00e0 scolare (confinamento Covid19) I3N &#8211; Institut de Neuropsychologie, Neurovision, Neurocognition INCC &#8211; Integrative Neuroscience and Cognitive Center<\/p>\n","protected":false},"author":1,"featured_media":0,"parent":0,"menu_order":0,"comment_status":"closed","ping_status":"closed","template":"","meta":[],"_links":{"self":[{"href":"https:\/\/i3n-cnrs.incc.u-paris.fr\/home\/index.php\/wp-json\/wp\/v2\/pages\/24"}],"collection":[{"href":"https:\/\/i3n-cnrs.incc.u-paris.fr\/home\/index.php\/wp-json\/wp\/v2\/pages"}],"about":[{"href":"https:\/\/i3n-cnrs.incc.u-paris.fr\/home\/index.php\/wp-json\/wp\/v2\/types\/page"}],"author":[{"embeddable":true,"href":"https:\/\/i3n-cnrs.incc.u-paris.fr\/home\/index.php\/wp-json\/wp\/v2\/users\/1"}],"replies":[{"embeddable":true,"href":"https:\/\/i3n-cnrs.incc.u-paris.fr\/home\/index.php\/wp-json\/wp\/v2\/comments?post=24"}],"version-history":[{"count":30,"href":"https:\/\/i3n-cnrs.incc.u-paris.fr\/home\/index.php\/wp-json\/wp\/v2\/pages\/24\/revisions"}],"predecessor-version":[{"id":76,"href":"https:\/\/i3n-cnrs.incc.u-paris.fr\/home\/index.php\/wp-json\/wp\/v2\/pages\/24\/revisions\/76"}],"wp:attachment":[{"href":"https:\/\/i3n-cnrs.incc.u-paris.fr\/home\/index.php\/wp-json\/wp\/v2\/media?parent=24"}],"curies":[{"name":"wp","href":"https:\/\/api.w.org\/{rel}","templated":true}]}}